{"id":165,"date":"2023-07-04T13:41:25","date_gmt":"2023-07-04T05:41:25","guid":{"rendered":"https:\/\/www.siproin-ic.com\/?page_id=165"},"modified":"2024-09-05T10:17:41","modified_gmt":"2024-09-05T02:17:41","slug":"contact-us","status":"publish","type":"page","link":"https:\/\/www.siproin-ic.com\/tr\/contact-us\/","title":{"rendered":"Bize Ula\u015f\u0131n"},"content":{"rendered":"<div data-elementor-type=\"wp-page\" data-elementor-id=\"165\" class=\"elementor elementor-165\">\n\t\t\t\t\t\t\t\t\t<section class=\"elementor-section elementor-top-section elementor-element elementor-element-72b4d365 elementor-section-height-min-height elementor-section-boxed elementor-section-height-default elementor-section-items-middle\" data-id=\"72b4d365\" data-element_type=\"section\" data-settings=\"{&quot;background_background&quot;:&quot;classic&quot;,&quot;ekit_has_onepagescroll_dot&quot;:&quot;yes&quot;}\">\n\t\t\t\t\t\t\t<div class=\"elementor-background-overlay\"><\/div>\n\t\t\t\t\t\t\t<div class=\"elementor-container elementor-column-gap-default\">\n\t\t\t\t\t<div class=\"elementor-column elementor-col-100 elementor-top-column elementor-element elementor-element-1618d228\" data-id=\"1618d228\" data-element_type=\"column\">\n\t\t\t<div class=\"elementor-widget-wrap elementor-element-populated\">\n\t\t\t\t\t\t\t\t<div class=\"elementor-element elementor-element-24ec26f elementor-align-center elementor-widget elementor-widget-breadcrumbs\" data-id=\"24ec26f\" data-element_type=\"widget\" data-settings=\"{&quot;ekit_we_effect_on&quot;:&quot;none&quot;}\" data-widget_type=\"breadcrumbs.default\">\n\t\t\t\t<div class=\"elementor-widget-container\">\n\t\t\t<nav aria-label=\"ekmek k\u0131r\u0131nt\u0131lar\u0131\" class=\"rank-math-breadcrumb\"><p><span class=\"last\">Ev<\/span><\/p><\/nav>\t\t<\/div>\n\t\t\t\t<\/div>\n\t\t\t\t\t<\/div>\n\t\t<\/div>\n\t\t\t\t\t\t\t<\/div>\n\t\t<\/section>\n\t\t<div class=\"elementor-element elementor-element-195eaf8 e-con-boxed e-flex e-con\" data-id=\"195eaf8\" data-element_type=\"container\" data-settings=\"{&quot;content_width&quot;:&quot;boxed&quot;,&quot;ekit_has_onepagescroll_dot&quot;:&quot;yes&quot;}\">\n\t\t\t\t\t<div class=\"e-con-inner\">\n\t\t<div class=\"elementor-element elementor-element-905e1db e-con-full e-flex e-con\" data-id=\"905e1db\" data-element_type=\"container\" data-settings=\"{&quot;content_width&quot;:&quot;full&quot;,&quot;ekit_has_onepagescroll_dot&quot;:&quot;yes&quot;}\">\n\t\t\t\t<div class=\"elementor-element elementor-element-68e4431 elementor-widget__width-initial elementor-widget elementor-widget-text-editor\" data-id=\"68e4431\" data-element_type=\"widget\" data-settings=\"{&quot;ekit_we_effect_on&quot;:&quot;none&quot;}\" data-widget_type=\"text-editor.default\">\n\t\t\t\t<div class=\"elementor-widget-container\">\n\t\t\t<style>\/*! elementor - v3.13.1 - 09-05-2023 *\/\n.elementor-widget-text-editor.elementor-drop-cap-view-stacked .elementor-drop-cap{background-color:#69727d;color:#fff}.elementor-widget-text-editor.elementor-drop-cap-view-framed .elementor-drop-cap{color:#69727d;border:3px solid;background-color:transparent}.elementor-widget-text-editor:not(.elementor-drop-cap-view-default) .elementor-drop-cap{margin-top:8px}.elementor-widget-text-editor:not(.elementor-drop-cap-view-default) .elementor-drop-cap-letter{width:1em;height:1em}.elementor-widget-text-editor .elementor-drop-cap{float:left;text-align:center;line-height:1;font-size:50px}.elementor-widget-text-editor .elementor-drop-cap-letter{display:inline-block}<\/style>\t\t\t\t<p>\u015fimdi bize ula\u015f\u0131n<\/p>\t\t\t\t\t\t<\/div>\n\t\t\t\t<\/div>\n\t\t\t\t<div class=\"elementor-element elementor-element-ca9a8e4 elementor-widget elementor-widget-heading\" data-id=\"ca9a8e4\" data-element_type=\"widget\" data-settings=\"{&quot;ekit_we_effect_on&quot;:&quot;none&quot;}\" data-widget_type=\"heading.default\">\n\t\t\t\t<div class=\"elementor-widget-container\">\n\t\t\t<style>\/*! elementor - v3.13.1 - 09-05-2023 *\/\n.elementor-heading-title{padding:0;margin:0;line-height:1}.elementor-widget-heading .elementor-heading-title[class*=elementor-size-]>a{color:inherit;font-size:inherit;line-height:inherit}.elementor-widget-heading .elementor-heading-title.elementor-size-small{font-size:15px}.elementor-widget-heading .elementor-heading-title.elementor-size-medium{font-size:19px}.elementor-widget-heading .elementor-heading-title.elementor-size-large{font-size:29px}.elementor-widget-heading .elementor-heading-title.elementor-size-xl{font-size:39px}.elementor-widget-heading .elementor-heading-title.elementor-size-xxl{font-size:59px}<\/style><h2 class=\"elementor-heading-title elementor-size-default\">\u00dcR\u00dcN VEYA HIZMETLERIMIZLE ILGILI SORULARINIZI BIZE ILETIN<\/h2>\t\t<\/div>\n\t\t\t\t<\/div>\n\t\t\t\t<div class=\"elementor-element elementor-element-36c5380 elementor-widget elementor-widget-text-editor\" data-id=\"36c5380\" data-element_type=\"widget\" data-settings=\"{&quot;ekit_we_effect_on&quot;:&quot;none&quot;}\" data-widget_type=\"text-editor.default\">\n\t\t\t\t<div class=\"elementor-widget-container\">\n\t\t\t\t\t\t\t<p>E\u011fer bizim ile ilgileniyorsan\u0131z <a href=\"https:\/\/www.siproin-ic.com\/tr\/product\/\">Entegre Devre (IC)<\/a>l\u00fctfen bizimle ileti\u015fime ge\u00e7mekten \u00e7ekinmeyin.<\/p>\t\t\t\t\t\t<\/div>\n\t\t\t\t<\/div>\n\t\t\t\t<div class=\"elementor-element elementor-element-d2e13c7 elementor-widget elementor-widget-wpforms\" data-id=\"d2e13c7\" data-element_type=\"widget\" id=\"Contact-us-form\" data-settings=\"{&quot;ekit_we_effect_on&quot;:&quot;none&quot;}\" data-widget_type=\"wpforms.default\">\n\t\t\t\t<div class=\"elementor-widget-container\">\n\t\t\t<div class=\"wpforms-container wpforms-container-full\" id=\"wpforms-985\"><form id=\"wpforms-form-985\" class=\"wpforms-validate wpforms-form wpforms-ajax-form\" data-formid=\"985\" method=\"post\" enctype=\"multipart\/form-data\" action=\"\/tr\/wp-json\/wp\/v2\/pages\/165\" data-token=\"dbe5aa35974b8c00ec3ae71de66b66b2\" data-trp-original-action=\"\/tr\/wp-json\/wp\/v2\/pages\/165\"><noscript class=\"wpforms-error-noscript\">Bu formu doldurmak i\u00e7in l\u00fctfen taray\u0131c\u0131n\u0131zda JavaScript'i etkinle\u015ftirin.<\/noscript><div class=\"wpforms-field-container\"><div id=\"wpforms-985-field_1-container\" class=\"wpforms-field wpforms-field-name Name\" data-field-id=\"1\"><label class=\"wpforms-field-label wpforms-label-hide\" for=\"wpforms-985-field_1\">\u0130sim <span class=\"wpforms-required-label\">*<\/span><\/label><input type=\"text\" id=\"wpforms-985-field_1\" class=\"wpforms-field-large wpforms-field-required\" name=\"wpforms[fields][1]\" placeholder=\"Ad\u0131n\u0131z *\" required><\/div><div id=\"wpforms-985-field_2-container\" class=\"wpforms-field wpforms-field-email Email\" data-field-id=\"2\"><label class=\"wpforms-field-label wpforms-label-hide\" for=\"wpforms-985-field_2\">E-posta <span class=\"wpforms-required-label\">*<\/span><\/label><input type=\"email\" id=\"wpforms-985-field_2\" class=\"wpforms-field-large wpforms-field-required\" name=\"wpforms[fields][2]\" placeholder=\"E-postan\u0131z *\" spellcheck=\"false\" required><\/div><div id=\"wpforms-985-field_4-container\" class=\"wpforms-field wpforms-field-text Serive\" data-field-id=\"4\"><label class=\"wpforms-field-label wpforms-label-hide\" for=\"wpforms-985-field_4\">Tek Sat\u0131r Metin<\/label><input type=\"text\" id=\"wpforms-985-field_4\" class=\"wpforms-field-large\" name=\"wpforms[fields][4]\" placeholder=\"Serive-Tipi\" ><\/div><div id=\"wpforms-985-field_7-container\" class=\"wpforms-field wpforms-field-phone Phone-Number\" data-field-id=\"7\"><label class=\"wpforms-field-label wpforms-label-hide\" for=\"wpforms-985-field_7\">Telefon <span class=\"wpforms-required-label\">*<\/span><\/label><input type=\"tel\" id=\"wpforms-985-field_7\" class=\"wpforms-field-large wpforms-field-required\" data-rule-int-phone-field=\"true\" name=\"wpforms[fields][7]\" placeholder=\"Telefon Numaras\u0131\" required><\/div><div id=\"wpforms-985-field_8-container\" class=\"wpforms-field wpforms-field-textarea\" data-field-id=\"8\"><label class=\"wpforms-field-label wpforms-label-hide\" for=\"wpforms-985-field_8\">Mesaj <span class=\"wpforms-required-label\">*<\/span><\/label><textarea id=\"wpforms-985-field_8\" class=\"wpforms-field-medium wpforms-field-required\" name=\"wpforms[fields][8]\" placeholder=\"Mesaj\u0131n\u0131z\u0131 buraya girin *\" required><\/textarea><\/div><\/div><!-- .wpforms-field-container --><div class=\"wpforms-submit-container\" ><input type=\"hidden\" name=\"wpforms[id]\" value=\"985\"><input type=\"hidden\" name=\"wpforms[author]\" value=\"1\"><button type=\"submit\" name=\"wpforms[submit]\" id=\"wpforms-submit-985\" class=\"wpforms-submit Contact-Btn\" data-alt-text=\"Sending...\" data-submit-text=\"Submit\" aria-live=\"assertive\" value=\"wpforms-submit\">G\u00f6nder<\/button><img decoding=\"async\" loading=\"lazy\" src=\"https:\/\/www.siproin-ic.com\/wp-content\/plugins\/wpforms\/assets\/images\/submit-spin.svg\" class=\"wpforms-submit-spinner\" style=\"display: none;\" width=\"26\" height=\"26\" alt=\"Loading\"><\/div><input type=\"hidden\" name=\"trp-form-language\" value=\"tr\"\/><\/form><\/div>  <!-- .wpforms-container -->\t\t<\/div>\n\t\t\t\t<\/div>\n\t\t\t\t<\/div>\n\t\t<div class=\"elementor-element elementor-element-812ff3b e-con-full e-flex e-con\" data-id=\"812ff3b\" data-element_type=\"container\" data-settings=\"{&quot;content_width&quot;:&quot;full&quot;,&quot;ekit_has_onepagescroll_dot&quot;:&quot;yes&quot;}\">\n\t\t\t\t<div class=\"elementor-element elementor-element-a5a6955 elementor-widget elementor-widget-image\" data-id=\"a5a6955\" data-element_type=\"widget\" data-settings=\"{&quot;ekit_we_effect_on&quot;:&quot;none&quot;}\" data-widget_type=\"image.default\">\n\t\t\t\t<div class=\"elementor-widget-container\">\n\t\t\t<style>\/*! elementor - v3.13.1 - 09-05-2023 *\/\n.elementor-widget-image{text-align:center}.elementor-widget-image a{display:inline-block}.elementor-widget-image a img[src$=\".svg\"]{width:48px}.elementor-widget-image img{vertical-align:middle;display:inline-block}<\/style>\t\t\t\t\t\t\t\t\t\t\t\t<img decoding=\"async\" width=\"800\" height=\"529\" src=\"https:\/\/www.siproin-ic.com\/wp-content\/uploads\/2024\/07\/\u56ed\u533a\u56fe\u7247.png\" class=\"attachment-large size-large wp-image-1573\" alt=\"\" loading=\"lazy\" srcset=\"https:\/\/www.siproin-ic.com\/wp-content\/uploads\/2024\/07\/\u56ed\u533a\u56fe\u7247.png 931w, https:\/\/www.siproin-ic.com\/wp-content\/uploads\/2024\/07\/\u56ed\u533a\u56fe\u7247-300x198.png 300w, https:\/\/www.siproin-ic.com\/wp-content\/uploads\/2024\/07\/\u56ed\u533a\u56fe\u7247-768x508.png 768w\" sizes=\"(max-width: 800px) 100vw, 800px\" \/>\t\t\t\t\t\t\t\t\t\t\t\t\t\t\t<\/div>\n\t\t\t\t<\/div>\n\t\t\t\t<\/div>\n\t\t\t\t\t<\/div>\n\t\t\t\t<\/div>\n\t\t<div class=\"elementor-element elementor-element-bfae67a e-grid e-con-boxed e-con\" data-id=\"bfae67a\" data-element_type=\"container\" data-settings=\"{&quot;grid_rows_grid&quot;:{&quot;unit&quot;:&quot;fr&quot;,&quot;size&quot;:1,&quot;sizes&quot;:[]},&quot;content_width&quot;:&quot;boxed&quot;,&quot;grid_outline&quot;:&quot;yes&quot;,&quot;grid_columns_grid&quot;:{&quot;unit&quot;:&quot;fr&quot;,&quot;size&quot;:3,&quot;sizes&quot;:[]},&quot;grid_columns_grid_tablet&quot;:{&quot;unit&quot;:&quot;fr&quot;,&quot;size&quot;:&quot;&quot;,&quot;sizes&quot;:[]},&quot;grid_columns_grid_mobile&quot;:{&quot;unit&quot;:&quot;fr&quot;,&quot;size&quot;:1,&quot;sizes&quot;:[]},&quot;grid_rows_grid_tablet&quot;:{&quot;unit&quot;:&quot;fr&quot;,&quot;size&quot;:&quot;&quot;,&quot;sizes&quot;:[]},&quot;grid_rows_grid_mobile&quot;:{&quot;unit&quot;:&quot;fr&quot;,&quot;size&quot;:&quot;&quot;,&quot;sizes&quot;:[]},&quot;ekit_has_onepagescroll_dot&quot;:&quot;yes&quot;}\">\n\t\t\t\t\t<div class=\"e-con-inner\">\n\t\t<div class=\"elementor-element elementor-element-19d5884 e-con-boxed e-flex e-con\" data-id=\"19d5884\" data-element_type=\"container\" data-settings=\"{&quot;background_background&quot;:&quot;classic&quot;,&quot;content_width&quot;:&quot;boxed&quot;,&quot;ekit_has_onepagescroll_dot&quot;:&quot;yes&quot;}\">\n\t\t\t\t\t<div class=\"e-con-inner\">\n\t\t\t\t<div class=\"elementor-element elementor-element-0554a1e elementor-widget elementor-widget-heading\" data-id=\"0554a1e\" data-element_type=\"widget\" data-settings=\"{&quot;ekit_we_effect_on&quot;:&quot;none&quot;}\" data-widget_type=\"heading.default\">\n\t\t\t\t<div class=\"elementor-widget-container\">\n\t\t\t<h2 class=\"elementor-heading-title elementor-size-default\">Hakk\u0131m\u0131zda<\/h2>\t\t<\/div>\n\t\t\t\t<\/div>\n\t\t\t\t<div class=\"elementor-element elementor-element-2a99ec3 elementor-widget elementor-widget-text-editor\" data-id=\"2a99ec3\" data-element_type=\"widget\" data-settings=\"{&quot;ekit_we_effect_on&quot;:&quot;none&quot;}\" data-widget_type=\"text-editor.default\">\n\t\t\t\t<div class=\"elementor-widget-container\">\n\t\t\t\t\t\t\t<div><span class=\"text-only\" data-eleid=\"3\">Siproin, entegre devrelerin geli\u015ftirilmesi ve sistem d\u00fczeyinde \u00e7\u00f6z\u00fcmler sa\u011flanmas\u0131 ile u\u011fra\u015fan profesyonel bir \"Fabless\" \u015firketidir.<\/span><\/div>\t\t\t\t\t\t<\/div>\n\t\t\t\t<\/div>\n\t\t\t\t\t<\/div>\n\t\t\t\t<\/div>\n\t\t<div class=\"elementor-element elementor-element-bc06c80 e-con-boxed e-flex e-con\" data-id=\"bc06c80\" data-element_type=\"container\" data-settings=\"{&quot;background_background&quot;:&quot;classic&quot;,&quot;content_width&quot;:&quot;boxed&quot;,&quot;ekit_has_onepagescroll_dot&quot;:&quot;yes&quot;}\">\n\t\t\t\t\t<div class=\"e-con-inner\">\n\t\t\t\t<div class=\"elementor-element elementor-element-7bb0bbd elementor-widget elementor-widget-heading\" data-id=\"7bb0bbd\" data-element_type=\"widget\" data-settings=\"{&quot;ekit_we_effect_on&quot;:&quot;none&quot;}\" data-widget_type=\"heading.default\">\n\t\t\t\t<div class=\"elementor-widget-container\">\n\t\t\t<h2 class=\"elementor-heading-title elementor-size-default\">Adres<\/h2>\t\t<\/div>\n\t\t\t\t<\/div>\n\t\t\t\t<div class=\"elementor-element elementor-element-2747fbc elementor-widget elementor-widget-text-editor\" data-id=\"2747fbc\" data-element_type=\"widget\" data-settings=\"{&quot;ekit_we_effect_on&quot;:&quot;none&quot;}\" data-widget_type=\"text-editor.default\">\n\t\t\t\t<div class=\"elementor-widget-container\">\n\t\t\t\t\t\t\tOda 802, Bina 1, Guozheng Merkezi, No.497, Zhengli Yolu, Yangpu B\u00f6lgesi, \u015eangay, CN, 200433\t\t\t\t\t\t<\/div>\n\t\t\t\t<\/div>\n\t\t\t\t\t<\/div>\n\t\t\t\t<\/div>\n\t\t<div class=\"elementor-element elementor-element-7979610 e-con-boxed e-flex e-con\" data-id=\"7979610\" data-element_type=\"container\" data-settings=\"{&quot;background_background&quot;:&quot;classic&quot;,&quot;content_width&quot;:&quot;boxed&quot;,&quot;ekit_has_onepagescroll_dot&quot;:&quot;yes&quot;}\">\n\t\t\t\t\t<div class=\"e-con-inner\">\n\t\t\t\t<div class=\"elementor-element elementor-element-6fecdf9 elementor-widget elementor-widget-heading\" data-id=\"6fecdf9\" data-element_type=\"widget\" data-settings=\"{&quot;ekit_we_effect_on&quot;:&quot;none&quot;}\" data-widget_type=\"heading.default\">\n\t\t\t\t<div class=\"elementor-widget-container\">\n\t\t\t<h2 class=\"elementor-heading-title elementor-size-default\">\u0130leti\u015fim<\/h2>\t\t<\/div>\n\t\t\t\t<\/div>\n\t\t\t\t<div class=\"elementor-element elementor-element-ba8d9c5 elementor-widget__width-initial elementor-align-left elementor-mobile-align-center elementor-icon-list--layout-traditional elementor-list-item-link-full_width elementor-widget elementor-widget-icon-list\" data-id=\"ba8d9c5\" data-element_type=\"widget\" data-settings=\"{&quot;ekit_we_effect_on&quot;:&quot;none&quot;}\" data-widget_type=\"icon-list.default\">\n\t\t\t\t<div class=\"elementor-widget-container\">\n\t\t\t<link rel=\"stylesheet\" href=\"https:\/\/www.siproin-ic.com\/wp-content\/plugins\/elementor\/assets\/css\/widget-icon-list.min.css\">\t\t<ul class=\"elementor-icon-list-items\">\n\t\t\t\t\t\t\t<li class=\"elementor-icon-list-item\">\n\t\t\t\t\t\t\t\t\t\t\t<a href=\"mailto:sales@cnzobo.com\">\n\n\t\t\t\t\t\t\t\t\t\t\t<span class=\"elementor-icon-list-text\">E-posta : huangsl@siproin.com<\/span>\n\t\t\t\t\t\t\t\t\t\t\t<\/a>\n\t\t\t\t\t\t\t\t\t<\/li>\n\t\t\t\t\t\t\t\t<li class=\"elementor-icon-list-item\">\n\t\t\t\t\t\t\t\t\t\t<span class=\"elementor-icon-list-text\">Faks : +86-21-65077897<\/span>\n\t\t\t\t\t\t\t\t\t<\/li>\n\t\t\t\t\t\t\t\t<li class=\"elementor-icon-list-item\">\n\t\t\t\t\t\t\t\t\t\t<span class=\"elementor-icon-list-text\">Yard\u0131m Hatt\u0131: +86-21-65106929<\/span>\n\t\t\t\t\t\t\t\t\t<\/li>\n\t\t\t\t\t\t\t\t<li class=\"elementor-icon-list-item\">\n\t\t\t\t\t\t\t\t\t\t<span class=\"elementor-icon-list-text\">Teknik Destek : +86-510-81001118 <\/span>\n\t\t\t\t\t\t\t\t\t<\/li>\n\t\t\t\t\t\t<\/ul>\n\t\t\t\t<\/div>\n\t\t\t\t<\/div>\n\t\t\t\t\t<\/div>\n\t\t\t\t<\/div>\n\t\t\t\t\t<\/div>\n\t\t\t\t<\/div>\n\t\t\t\t<section class=\"elementor-section elementor-top-section elementor-element elementor-element-ce5db44 elementor-section-full_width elementor-section-height-default elementor-section-height-default\" data-id=\"ce5db44\" data-element_type=\"section\" data-settings=\"{&quot;ekit_has_onepagescroll_dot&quot;:&quot;yes&quot;}\">\n\t\t\t\t\t\t<div class=\"elementor-container elementor-column-gap-no\">\n\t\t\t\t\t<div class=\"elementor-column elementor-col-100 elementor-top-column elementor-element elementor-element-9469cf4\" data-id=\"9469cf4\" data-element_type=\"column\">\n\t\t\t<div class=\"elementor-widget-wrap elementor-element-populated\">\n\t\t\t\t\t\t\t\t<div class=\"elementor-element elementor-element-6747292 elementor-widget elementor-widget-adweb-pro-google-map\" data-id=\"6747292\" data-element_type=\"widget\" data-settings=\"{&quot;ekit_we_effect_on&quot;:&quot;none&quot;}\" data-widget_type=\"adweb-pro-google-map.default\">\n\t\t\t\t<div class=\"elementor-widget-container\">\n\t\t\t\t\t<style>\r\n\t\t\t#map {\r\n\t\t\t\theight: 400px; \/* The height is 400 pixels *\/\r\n\t\t\t\twidth: 100%; \/* The width is the width of the web page *\/\r\n\t\t\t}\r\n\t\t<\/style>\r\n\r\n\t\t<div id=\"map\"><\/div>\r\n\r\n\t\t<script>\r\n\t\t\tfunction loadScript(url, callback) {\r\n\t\t\t\tvar script = document.createElement(\"script\");\r\n\t\t\t\tscript.type = \"text\/javascript\";\r\n\t\t\t\tif(typeof(callback) != \"undefined\"){\r\n\t\t\t\t\tif (script.readyState) {\r\n\t\t\t\t\t\tscript.onreadystatechange = function () {\r\n\t\t\t\t\t\t\tif (script.readyState == \"loaded\" || script.readyState == \"complete\") {\r\n\t\t\t\t\t\t\t\tscript.onreadystatechange = null;\r\n\t\t\t\t\t\t\t\tcallback();\r\n\t\t\t\t\t\t\t}\r\n\t\t\t\t\t\t};\r\n\t\t\t\t\t} else {\r\n\t\t\t\t\t\tscript.onload = function () {\r\n\t\t\t\t\t\t\tcallback();\r\n\t\t\t\t\t\t};\r\n\t\t\t\t\t}\r\n\t\t\t\t}\r\n\t\t\t\tscript.src = url;\r\n\t\t\t\tdocument.body.appendChild(script);\r\n\t\t\t}\r\n\t\t\tloadScript(\"https:\/\/maps.googleapis.com\/maps\/api\/js?key=AIzaSyAvTVnnDLfxdaK2i-f0pRMJOrdwZvxUBjU&libraries=places&callback=initMap\", function () {\r\n\t\t\t\tinitMap();\r\n\t\t\t})\r\n\t\t\tfunction initMap() {\r\n\t\t\t\t\/\/ The location of Uluru\r\n\t\t\t\tconst uluru = { lat: 31.31, lng:121.51};\r\n\t\t\t\t\/\/ The map, centered at Uluru\r\n\t\t\t\tconst map = new google.maps.Map(document.getElementById(\"map\"), {\r\n\t\t\t\t\tzoom: 12,\r\n\t\t\t\t\tcenter: uluru,\r\n\t\t\t\t});\r\n\t\t\t\tconst contentString =\r\n\t\t\t\t\t'<div id=\"content\">' +\r\n\t\t\t\t\t'<div id=\"siteNotice\">' +\r\n\t\t\t\t\t\"<\/div>\" +\r\n\t\t\t\t\t'Shanghai Siproin Microelectronics Co., Ltd.'\r\n\t\t\t\t\t +\r\n\t\t\t\t\t\"<\/div>\" +\r\n\t\t\t\t\t\"<\/div>\";\r\n\r\n\t\t\t\tconst infowindow = new google.maps.InfoWindow({\r\n\t\t\t\t\tcontent: contentString,\r\n\t\t\t\t\tariaLabel: \"Uluru\",\r\n\t\t\t\t});\r\n\t\t\t\t\/\/ The marker, positioned at Uluru\r\n\t\t\t\tconst marker = new google.maps.Marker({\r\n\t\t\t\t\tposition: uluru,\r\n\t\t\t\t\tmap: map,\r\n\t\t\t\t});\r\n\t\t\t\tmarker.addListener(\"click\", () => {\r\n\t\t\t\t\tinfowindow.open({\r\n\t\t\t\t\t\tanchor: marker,\r\n\t\t\t\t\t\tmap,\r\n\t\t\t\t\t});\r\n\t\t\t\t});\r\n\t\t\t}\r\n\r\n\t\t<\/script>\r\n\t\t\t\t<\/div>\n\t\t\t\t<\/div>\n\t\t\t\t\t<\/div>\n\t\t<\/div>\n\t\t\t\t\t\t\t<\/div>\n\t\t<\/section>\n\t\t\t\t\t\t\t<\/div>","protected":false},"excerpt":{"rendered":"<p>Ana Sayfa \u015fimdi bize ula\u015f\u0131n \u00dcR\u00dcN VEYA H\u0130ZMET\u0130M\u0130Z HAKKINDAK\u0130 SORULARINIZI B\u0130ZE S\u00d6YLEY\u0130N Entegre Devremiz (IC) ile ilgileniyorsan\u0131z, l\u00fctfen bizimle ileti\u015fime ge\u00e7mekten \u00e7ekinmeyin. Hakk\u0131m\u0131zda Siproin, entegre devrelerin geli\u015ftirilmesi ve sistem d\u00fczeyinde \u00e7\u00f6z\u00fcmler sunan profesyonel bir \"Fabless\" \u015firketidir. Adres \u0130leti\u015fim Faks : +86-21-65077897 Yard\u0131m Hatt\u0131: +86-21-65106929 [...]<\/p>","protected":false},"author":1,"featured_media":0,"parent":0,"menu_order":0,"comment_status":"closed","ping_status":"closed","template":"","meta":[],"acf":[],"_links":{"self":[{"href":"https:\/\/www.siproin-ic.com\/tr\/wp-json\/wp\/v2\/pages\/165"}],"collection":[{"href":"https:\/\/www.siproin-ic.com\/tr\/wp-json\/wp\/v2\/pages"}],"about":[{"href":"https:\/\/www.siproin-ic.com\/tr\/wp-json\/wp\/v2\/types\/page"}],"author":[{"embeddable":true,"href":"https:\/\/www.siproin-ic.com\/tr\/wp-json\/wp\/v2\/users\/1"}],"replies":[{"embeddable":true,"href":"https:\/\/www.siproin-ic.com\/tr\/wp-json\/wp\/v2\/comments?post=165"}],"version-history":[{"count":0,"href":"https:\/\/www.siproin-ic.com\/tr\/wp-json\/wp\/v2\/pages\/165\/revisions"}],"wp:attachment":[{"href":"https:\/\/www.siproin-ic.com\/tr\/wp-json\/wp\/v2\/media?parent=165"}],"curies":[{"name":"wp","href":"https:\/\/api.w.org\/{rel}","templated":true}]}}