{"id":604,"date":"2024-07-11T11:21:32","date_gmt":"2024-07-11T03:21:32","guid":{"rendered":"https:\/\/www.siproin-ic.com\/?page_id=604"},"modified":"2024-09-03T14:16:11","modified_gmt":"2024-09-03T06:16:11","slug":"quality-control","status":"publish","type":"page","link":"https:\/\/www.siproin-ic.com\/es\/quality-control\/","title":{"rendered":"Control de calidad"},"content":{"rendered":"<div data-elementor-type=\"wp-page\" data-elementor-id=\"604\" class=\"elementor elementor-604\">\n\t\t\t\t\t\t\t<div class=\"elementor-element elementor-element-adf1466 e-con-boxed e-flex e-con\" data-id=\"adf1466\" data-element_type=\"container\" data-settings=\"{&quot;background_background&quot;:&quot;classic&quot;,&quot;content_width&quot;:&quot;boxed&quot;,&quot;ekit_has_onepagescroll_dot&quot;:&quot;yes&quot;}\">\n\t\t\t\t\t<div class=\"e-con-inner\">\n\t\t\t\t<div class=\"elementor-element elementor-element-c4e97d7 elementor-widget elementor-widget-breadcrumbs\" data-id=\"c4e97d7\" data-element_type=\"widget\" data-settings=\"{&quot;ekit_we_effect_on&quot;:&quot;none&quot;}\" data-widget_type=\"breadcrumbs.default\">\n\t\t\t\t<div class=\"elementor-widget-container\">\n\t\t\t<nav aria-label=\"pan rallado\" class=\"rank-math-breadcrumb\"><p><span class=\"last\">Inicio<\/span><\/p><\/nav>\t\t<\/div>\n\t\t\t\t<\/div>\n\t\t\t\t\t<\/div>\n\t\t\t\t<\/div>\n\t\t<div class=\"elementor-element elementor-element-19a1558 e-con-boxed e-flex e-con\" data-id=\"19a1558\" data-element_type=\"container\" id=\"Plate-One\" data-settings=\"{&quot;content_width&quot;:&quot;boxed&quot;,&quot;ekit_has_onepagescroll_dot&quot;:&quot;yes&quot;}\">\n\t\t\t\t\t<div class=\"e-con-inner\">\n\t\t\t\t<div class=\"elementor-element elementor-element-a369182 elementor-widget elementor-widget-heading\" data-id=\"a369182\" data-element_type=\"widget\" data-settings=\"{&quot;ekit_we_effect_on&quot;:&quot;none&quot;}\" data-widget_type=\"heading.default\">\n\t\t\t\t<div class=\"elementor-widget-container\">\n\t\t\t<style>\/*! elementor - v3.13.1 - 09-05-2023 *\/\n.elementor-heading-title{padding:0;margin:0;line-height:1}.elementor-widget-heading .elementor-heading-title[class*=elementor-size-]>a{color:inherit;font-size:inherit;line-height:inherit}.elementor-widget-heading .elementor-heading-title.elementor-size-small{font-size:15px}.elementor-widget-heading .elementor-heading-title.elementor-size-medium{font-size:19px}.elementor-widget-heading .elementor-heading-title.elementor-size-large{font-size:29px}.elementor-widget-heading .elementor-heading-title.elementor-size-xl{font-size:39px}.elementor-widget-heading .elementor-heading-title.elementor-size-xxl{font-size:59px}<\/style><h2 class=\"elementor-heading-title elementor-size-default\">Sistema de gesti\u00f3n de la calidad<\/h2>\t\t<\/div>\n\t\t\t\t<\/div>\n\t\t\t\t<div class=\"elementor-element elementor-element-6f2460b elementor-widget elementor-widget-text-editor\" data-id=\"6f2460b\" data-element_type=\"widget\" data-settings=\"{&quot;ekit_we_effect_on&quot;:&quot;none&quot;}\" data-widget_type=\"text-editor.default\">\n\t\t\t\t<div class=\"elementor-widget-container\">\n\t\t\t<style>\/*! elementor - v3.13.1 - 09-05-2023 *\/\n.elementor-widget-text-editor.elementor-drop-cap-view-stacked .elementor-drop-cap{background-color:#69727d;color:#fff}.elementor-widget-text-editor.elementor-drop-cap-view-framed .elementor-drop-cap{color:#69727d;border:3px solid;background-color:transparent}.elementor-widget-text-editor:not(.elementor-drop-cap-view-default) .elementor-drop-cap{margin-top:8px}.elementor-widget-text-editor:not(.elementor-drop-cap-view-default) .elementor-drop-cap-letter{width:1em;height:1em}.elementor-widget-text-editor .elementor-drop-cap{float:left;text-align:center;line-height:1;font-size:50px}.elementor-widget-text-editor .elementor-drop-cap-letter{display:inline-block}<\/style>\t\t\t\t<p>Siproin aprob\u00f3 la certificaci\u00f3n del sistema de gesti\u00f3n de calidad GB\/T19001-2016\/ISO9001:2015 en 2023.<\/p>\t\t\t\t\t\t<\/div>\n\t\t\t\t<\/div>\n\t\t<div class=\"elementor-element elementor-element-f6ee81c e-grid e-con-boxed e-con\" data-id=\"f6ee81c\" data-element_type=\"container\" data-settings=\"{&quot;grid_rows_grid&quot;:{&quot;unit&quot;:&quot;fr&quot;,&quot;size&quot;:1,&quot;sizes&quot;:[]},&quot;grid_columns_grid&quot;:{&quot;unit&quot;:&quot;fr&quot;,&quot;size&quot;:4,&quot;sizes&quot;:[]},&quot;grid_columns_grid_mobile&quot;:{&quot;unit&quot;:&quot;fr&quot;,&quot;size&quot;:2,&quot;sizes&quot;:[]},&quot;content_width&quot;:&quot;boxed&quot;,&quot;grid_outline&quot;:&quot;yes&quot;,&quot;grid_columns_grid_tablet&quot;:{&quot;unit&quot;:&quot;fr&quot;,&quot;size&quot;:&quot;&quot;,&quot;sizes&quot;:[]},&quot;grid_rows_grid_tablet&quot;:{&quot;unit&quot;:&quot;fr&quot;,&quot;size&quot;:&quot;&quot;,&quot;sizes&quot;:[]},&quot;grid_rows_grid_mobile&quot;:{&quot;unit&quot;:&quot;fr&quot;,&quot;size&quot;:&quot;&quot;,&quot;sizes&quot;:[]},&quot;ekit_has_onepagescroll_dot&quot;:&quot;yes&quot;}\">\n\t\t\t\t\t<div class=\"e-con-inner\">\n\t\t\t\t<div class=\"elementor-element elementor-element-b0b7345 elementor-widget elementor-widget-image\" data-id=\"b0b7345\" data-element_type=\"widget\" data-settings=\"{&quot;ekit_we_effect_on&quot;:&quot;none&quot;}\" data-widget_type=\"image.default\">\n\t\t\t\t<div class=\"elementor-widget-container\">\n\t\t\t<style>\/*! elementor - v3.13.1 - 09-05-2023 *\/\n.elementor-widget-image{text-align:center}.elementor-widget-image a{display:inline-block}.elementor-widget-image a img[src$=\".svg\"]{width:48px}.elementor-widget-image img{vertical-align:middle;display:inline-block}<\/style>\t\t\t\t\t\t\t\t\t\t\t\t<img decoding=\"async\" width=\"724\" height=\"1024\" src=\"https:\/\/www.siproin-ic.com\/wp-content\/uploads\/2024\/07\/ISO-EN-1-724x1024.jpg\" class=\"attachment-large size-large wp-image-1082\" alt=\"\" loading=\"lazy\" srcset=\"https:\/\/www.siproin-ic.com\/wp-content\/uploads\/2024\/07\/ISO-EN-1-724x1024.jpg 724w, https:\/\/www.siproin-ic.com\/wp-content\/uploads\/2024\/07\/ISO-EN-1-212x300.jpg 212w, https:\/\/www.siproin-ic.com\/wp-content\/uploads\/2024\/07\/ISO-EN-1-768x1086.jpg 768w, https:\/\/www.siproin-ic.com\/wp-content\/uploads\/2024\/07\/ISO-EN-1-1087x1536.jpg 1087w, https:\/\/www.siproin-ic.com\/wp-content\/uploads\/2024\/07\/ISO-EN-1-1449x2048.jpg 1449w, https:\/\/www.siproin-ic.com\/wp-content\/uploads\/2024\/07\/ISO-EN-1-scaled.jpg 1811w\" sizes=\"(max-width: 724px) 100vw, 724px\" \/>\t\t\t\t\t\t\t\t\t\t\t\t\t\t\t<\/div>\n\t\t\t\t<\/div>\n\t\t\t\t<div class=\"elementor-element elementor-element-e9eb4c8 elementor-widget elementor-widget-image\" data-id=\"e9eb4c8\" data-element_type=\"widget\" data-settings=\"{&quot;ekit_we_effect_on&quot;:&quot;none&quot;}\" data-widget_type=\"image.default\">\n\t\t\t\t<div class=\"elementor-widget-container\">\n\t\t\t\t\t\t\t\t\t\t\t\t\t\t\t<img decoding=\"async\" width=\"724\" height=\"1024\" src=\"https:\/\/www.siproin-ic.com\/wp-content\/uploads\/2024\/07\/ISO-CN-2-724x1024.jpg\" class=\"attachment-large size-large wp-image-1080\" alt=\"\" loading=\"lazy\" srcset=\"https:\/\/www.siproin-ic.com\/wp-content\/uploads\/2024\/07\/ISO-CN-2-724x1024.jpg 724w, https:\/\/www.siproin-ic.com\/wp-content\/uploads\/2024\/07\/ISO-CN-2-212x300.jpg 212w, https:\/\/www.siproin-ic.com\/wp-content\/uploads\/2024\/07\/ISO-CN-2-768x1086.jpg 768w, https:\/\/www.siproin-ic.com\/wp-content\/uploads\/2024\/07\/ISO-CN-2-1087x1536.jpg 1087w, https:\/\/www.siproin-ic.com\/wp-content\/uploads\/2024\/07\/ISO-CN-2-1449x2048.jpg 1449w, https:\/\/www.siproin-ic.com\/wp-content\/uploads\/2024\/07\/ISO-CN-2-scaled.jpg 1811w\" sizes=\"(max-width: 724px) 100vw, 724px\" \/>\t\t\t\t\t\t\t\t\t\t\t\t\t\t\t<\/div>\n\t\t\t\t<\/div>\n\t\t\t\t\t<\/div>\n\t\t\t\t<\/div>\n\t\t\t\t\t<\/div>\n\t\t\t\t<\/div>\n\t\t<div class=\"elementor-element elementor-element-8c9fd80 e-con-boxed e-flex e-con\" data-id=\"8c9fd80\" data-element_type=\"container\" id=\"QPAG\" data-settings=\"{&quot;content_width&quot;:&quot;boxed&quot;,&quot;ekit_has_onepagescroll_dot&quot;:&quot;yes&quot;}\">\n\t\t\t\t\t<div class=\"e-con-inner\">\n\t\t<div class=\"elementor-element elementor-element-7aed2ff e-con-boxed e-flex e-con\" data-id=\"7aed2ff\" data-element_type=\"container\" data-settings=\"{&quot;content_width&quot;:&quot;boxed&quot;,&quot;ekit_has_onepagescroll_dot&quot;:&quot;yes&quot;}\">\n\t\t\t\t\t<div class=\"e-con-inner\">\n\t\t\t\t<div class=\"elementor-element elementor-element-c453eb8 elementor-widget elementor-widget-heading\" data-id=\"c453eb8\" data-element_type=\"widget\" data-settings=\"{&quot;ekit_we_effect_on&quot;:&quot;none&quot;}\" data-widget_type=\"heading.default\">\n\t\t\t\t<div class=\"elementor-widget-container\">\n\t\t\t<h2 class=\"elementor-heading-title elementor-size-default\">Pol\u00edtica y objetivos de calidad<\/h2>\t\t<\/div>\n\t\t\t\t<\/div>\n\t\t\t\t<div class=\"elementor-element elementor-element-06538d7 elementor-widget elementor-widget-text-editor\" data-id=\"06538d7\" data-element_type=\"widget\" data-settings=\"{&quot;ekit_we_effect_on&quot;:&quot;none&quot;}\" data-widget_type=\"text-editor.default\">\n\t\t\t\t<div class=\"elementor-widget-container\">\n\t\t\t\t\t\t\t<p>Satisfacci\u00f3n del cliente \u226590%<\/p><p>Tasa de cumplimiento de pedidos 100%<\/p><p>Rendimiento de las pruebas de productos acabados \u2265 99%<\/p><p>Producto Normas de control de sustancias peligrosas 100%<\/p><p>Rendimiento de las pruebas de obleas \u2265 95%<\/p>\t\t\t\t\t\t<\/div>\n\t\t\t\t<\/div>\n\t\t\t\t\t<\/div>\n\t\t\t\t<\/div>\n\t\t\t\t\t<\/div>\n\t\t\t\t<\/div>\n\t\t<div class=\"elementor-element elementor-element-d15d789 e-con-boxed e-flex e-con\" data-id=\"d15d789\" data-element_type=\"container\" id=\"ROHS\" data-settings=\"{&quot;content_width&quot;:&quot;boxed&quot;,&quot;ekit_has_onepagescroll_dot&quot;:&quot;yes&quot;}\">\n\t\t\t\t\t<div class=\"e-con-inner\">\n\t\t<div class=\"elementor-element elementor-element-e6403b5 e-con-boxed e-flex e-con\" data-id=\"e6403b5\" data-element_type=\"container\" data-settings=\"{&quot;content_width&quot;:&quot;boxed&quot;,&quot;ekit_has_onepagescroll_dot&quot;:&quot;yes&quot;}\">\n\t\t\t\t\t<div class=\"e-con-inner\">\n\t\t\t\t<div class=\"elementor-element elementor-element-586b02d elementor-widget elementor-widget-heading\" data-id=\"586b02d\" data-element_type=\"widget\" data-settings=\"{&quot;ekit_we_effect_on&quot;:&quot;none&quot;}\" data-widget_type=\"heading.default\">\n\t\t\t\t<div class=\"elementor-widget-container\">\n\t\t\t<h2 class=\"elementor-heading-title elementor-size-default\">ROHS<\/h2>\t\t<\/div>\n\t\t\t\t<\/div>\n\t\t\t\t<div class=\"elementor-element elementor-element-bd7e5e0 elementor-widget elementor-widget-text-editor\" data-id=\"bd7e5e0\" data-element_type=\"widget\" data-settings=\"{&quot;ekit_we_effect_on&quot;:&quot;none&quot;}\" data-widget_type=\"text-editor.default\">\n\t\t\t\t<div class=\"elementor-widget-container\">\n\t\t\t\t\t\t\t<p>Shanghai Siproin Microelectronics Co., Ltd. declara y garantiza que todos los productos han sido dise\u00f1ados y fabricados de acuerdo con la UE REACH (Registro, Evaluaci\u00f3n, Autorizaci\u00f3n y Restricci\u00f3n de Sustancias Qu\u00edmicas). Contiene de 240 REACH SVHC se enumeran\uff1a<\/p>\t\t\t\t\t\t<\/div>\n\t\t\t\t<\/div>\n\t\t\t\t\t<\/div>\n\t\t\t\t<\/div>\n\t\t<div class=\"elementor-element elementor-element-6fe3ffc e-grid e-con-boxed e-con\" data-id=\"6fe3ffc\" data-element_type=\"container\" data-settings=\"{&quot;grid_rows_grid&quot;:{&quot;unit&quot;:&quot;fr&quot;,&quot;size&quot;:1,&quot;sizes&quot;:[]},&quot;grid_columns_grid&quot;:{&quot;unit&quot;:&quot;fr&quot;,&quot;size&quot;:4,&quot;sizes&quot;:[]},&quot;grid_columns_grid_mobile&quot;:{&quot;unit&quot;:&quot;fr&quot;,&quot;size&quot;:2,&quot;sizes&quot;:[]},&quot;content_width&quot;:&quot;boxed&quot;,&quot;grid_outline&quot;:&quot;yes&quot;,&quot;grid_columns_grid_tablet&quot;:{&quot;unit&quot;:&quot;fr&quot;,&quot;size&quot;:&quot;&quot;,&quot;sizes&quot;:[]},&quot;grid_rows_grid_tablet&quot;:{&quot;unit&quot;:&quot;fr&quot;,&quot;size&quot;:&quot;&quot;,&quot;sizes&quot;:[]},&quot;grid_rows_grid_mobile&quot;:{&quot;unit&quot;:&quot;fr&quot;,&quot;size&quot;:&quot;&quot;,&quot;sizes&quot;:[]},&quot;ekit_has_onepagescroll_dot&quot;:&quot;yes&quot;}\">\n\t\t\t\t\t<div class=\"e-con-inner\">\n\t\t\t\t<div class=\"elementor-element elementor-element-9a09839 elementor-widget elementor-widget-image\" data-id=\"9a09839\" data-element_type=\"widget\" data-settings=\"{&quot;ekit_we_effect_on&quot;:&quot;none&quot;}\" data-widget_type=\"image.default\">\n\t\t\t\t<div class=\"elementor-widget-container\">\n\t\t\t\t\t\t\t\t\t\t\t\t\t\t\t<img decoding=\"async\" width=\"1085\" height=\"1536\" src=\"https:\/\/www.siproin-ic.com\/wp-content\/uploads\/2024\/07\/1-1085x1536.jpg\" class=\"attachment-1536x1536 size-1536x1536 wp-image-1122\" alt=\"\" loading=\"lazy\" srcset=\"https:\/\/www.siproin-ic.com\/wp-content\/uploads\/2024\/07\/1-1085x1536.jpg 1085w, https:\/\/www.siproin-ic.com\/wp-content\/uploads\/2024\/07\/1-212x300.jpg 212w, https:\/\/www.siproin-ic.com\/wp-content\/uploads\/2024\/07\/1-724x1024.jpg 724w, https:\/\/www.siproin-ic.com\/wp-content\/uploads\/2024\/07\/1-768x1087.jpg 768w, https:\/\/www.siproin-ic.com\/wp-content\/uploads\/2024\/07\/1-1447x2048.jpg 1447w, https:\/\/www.siproin-ic.com\/wp-content\/uploads\/2024\/07\/1-scaled.jpg 1809w\" sizes=\"(max-width: 1085px) 100vw, 1085px\" \/>\t\t\t\t\t\t\t\t\t\t\t\t\t\t\t<\/div>\n\t\t\t\t<\/div>\n\t\t\t\t<div class=\"elementor-element elementor-element-3957157 elementor-widget elementor-widget-image\" data-id=\"3957157\" data-element_type=\"widget\" data-settings=\"{&quot;ekit_we_effect_on&quot;:&quot;none&quot;}\" data-widget_type=\"image.default\">\n\t\t\t\t<div class=\"elementor-widget-container\">\n\t\t\t\t\t\t\t\t\t\t\t\t\t\t\t<img decoding=\"async\" width=\"724\" height=\"1024\" src=\"https:\/\/www.siproin-ic.com\/wp-content\/uploads\/2024\/07\/2-724x1024.jpg\" class=\"attachment-large size-large wp-image-1123\" alt=\"\" loading=\"lazy\" srcset=\"https:\/\/www.siproin-ic.com\/wp-content\/uploads\/2024\/07\/2-724x1024.jpg 724w, https:\/\/www.siproin-ic.com\/wp-content\/uploads\/2024\/07\/2-212x300.jpg 212w, https:\/\/www.siproin-ic.com\/wp-content\/uploads\/2024\/07\/2-768x1087.jpg 768w, https:\/\/www.siproin-ic.com\/wp-content\/uploads\/2024\/07\/2-1085x1536.jpg 1085w, https:\/\/www.siproin-ic.com\/wp-content\/uploads\/2024\/07\/2-1447x2048.jpg 1447w, https:\/\/www.siproin-ic.com\/wp-content\/uploads\/2024\/07\/2-scaled.jpg 1809w\" sizes=\"(max-width: 724px) 100vw, 724px\" \/>\t\t\t\t\t\t\t\t\t\t\t\t\t\t\t<\/div>\n\t\t\t\t<\/div>\n\t\t\t\t\t<\/div>\n\t\t\t\t<\/div>\n\t\t\t\t\t<\/div>\n\t\t\t\t<\/div>\n\t\t<div class=\"elementor-element elementor-element-070a451 e-con-boxed e-flex e-con\" data-id=\"070a451\" data-element_type=\"container\" id=\"REACH\" data-settings=\"{&quot;content_width&quot;:&quot;boxed&quot;,&quot;ekit_has_onepagescroll_dot&quot;:&quot;yes&quot;}\">\n\t\t\t\t\t<div class=\"e-con-inner\">\n\t\t<div class=\"elementor-element elementor-element-94589c2 e-con-boxed e-flex e-con\" data-id=\"94589c2\" data-element_type=\"container\" data-settings=\"{&quot;content_width&quot;:&quot;boxed&quot;,&quot;ekit_has_onepagescroll_dot&quot;:&quot;yes&quot;}\">\n\t\t\t\t\t<div class=\"e-con-inner\">\n\t\t\t\t<div class=\"elementor-element elementor-element-6cb291f elementor-widget elementor-widget-heading\" data-id=\"6cb291f\" data-element_type=\"widget\" data-settings=\"{&quot;ekit_we_effect_on&quot;:&quot;none&quot;}\" data-widget_type=\"heading.default\">\n\t\t\t\t<div class=\"elementor-widget-container\">\n\t\t\t<h2 class=\"elementor-heading-title elementor-size-default\">REACH<\/h2>\t\t<\/div>\n\t\t\t\t<\/div>\n\t\t\t\t<div class=\"elementor-element elementor-element-fdc54c0 elementor-widget elementor-widget-text-editor\" data-id=\"fdc54c0\" data-element_type=\"widget\" data-settings=\"{&quot;ekit_we_effect_on&quot;:&quot;none&quot;}\" data-widget_type=\"text-editor.default\">\n\t\t\t\t<div class=\"elementor-widget-container\">\n\t\t\t\t\t\t\t<p>Shanghai Siproin Microelectronics Co., Ltd. garantiza que los productos entregables, Conforme a la directiva RoHS de la UE, la directiva de embalaje, la directiva WEEE de la UE, la directiva PoHS, la directiva PAHs de la UE y la directiva REACH, el cumplimiento de SOC de:<\/p>\t\t\t\t\t\t<\/div>\n\t\t\t\t<\/div>\n\t\t\t\t\t<\/div>\n\t\t\t\t<\/div>\n\t\t<div class=\"elementor-element elementor-element-63dd795 e-grid e-con-boxed e-con\" data-id=\"63dd795\" data-element_type=\"container\" data-settings=\"{&quot;grid_rows_grid&quot;:{&quot;unit&quot;:&quot;fr&quot;,&quot;size&quot;:1,&quot;sizes&quot;:[]},&quot;grid_columns_grid&quot;:{&quot;unit&quot;:&quot;fr&quot;,&quot;size&quot;:4,&quot;sizes&quot;:[]},&quot;grid_columns_grid_mobile&quot;:{&quot;unit&quot;:&quot;fr&quot;,&quot;size&quot;:2,&quot;sizes&quot;:[]},&quot;content_width&quot;:&quot;boxed&quot;,&quot;grid_outline&quot;:&quot;yes&quot;,&quot;grid_columns_grid_tablet&quot;:{&quot;unit&quot;:&quot;fr&quot;,&quot;size&quot;:&quot;&quot;,&quot;sizes&quot;:[]},&quot;grid_rows_grid_tablet&quot;:{&quot;unit&quot;:&quot;fr&quot;,&quot;size&quot;:&quot;&quot;,&quot;sizes&quot;:[]},&quot;grid_rows_grid_mobile&quot;:{&quot;unit&quot;:&quot;fr&quot;,&quot;size&quot;:&quot;&quot;,&quot;sizes&quot;:[]},&quot;ekit_has_onepagescroll_dot&quot;:&quot;yes&quot;}\">\n\t\t\t\t\t<div class=\"e-con-inner\">\n\t\t\t\t<div class=\"elementor-element elementor-element-786807c elementor-widget elementor-widget-image\" data-id=\"786807c\" data-element_type=\"widget\" data-settings=\"{&quot;ekit_we_effect_on&quot;:&quot;none&quot;}\" data-widget_type=\"image.default\">\n\t\t\t\t<div class=\"elementor-widget-container\">\n\t\t\t\t\t\t\t\t\t\t\t\t\t\t\t<img decoding=\"async\" width=\"724\" height=\"1024\" src=\"https:\/\/www.siproin-ic.com\/wp-content\/uploads\/2024\/07\/1-1-724x1024.jpg\" class=\"attachment-large size-large wp-image-1125\" alt=\"\" loading=\"lazy\" srcset=\"https:\/\/www.siproin-ic.com\/wp-content\/uploads\/2024\/07\/1-1-724x1024.jpg 724w, https:\/\/www.siproin-ic.com\/wp-content\/uploads\/2024\/07\/1-1-212x300.jpg 212w, https:\/\/www.siproin-ic.com\/wp-content\/uploads\/2024\/07\/1-1-768x1087.jpg 768w, https:\/\/www.siproin-ic.com\/wp-content\/uploads\/2024\/07\/1-1-1085x1536.jpg 1085w, https:\/\/www.siproin-ic.com\/wp-content\/uploads\/2024\/07\/1-1-1447x2048.jpg 1447w, https:\/\/www.siproin-ic.com\/wp-content\/uploads\/2024\/07\/1-1-scaled.jpg 1809w\" sizes=\"(max-width: 724px) 100vw, 724px\" \/>\t\t\t\t\t\t\t\t\t\t\t\t\t\t\t<\/div>\n\t\t\t\t<\/div>\n\t\t\t\t<div class=\"elementor-element elementor-element-22eeabe elementor-widget elementor-widget-image\" data-id=\"22eeabe\" data-element_type=\"widget\" data-settings=\"{&quot;ekit_we_effect_on&quot;:&quot;none&quot;}\" data-widget_type=\"image.default\">\n\t\t\t\t<div class=\"elementor-widget-container\">\n\t\t\t\t\t\t\t\t\t\t\t\t\t\t\t<img decoding=\"async\" width=\"724\" height=\"1024\" src=\"https:\/\/www.siproin-ic.com\/wp-content\/uploads\/2024\/07\/2-1-724x1024.jpg\" class=\"attachment-large size-large wp-image-1126\" alt=\"\" loading=\"lazy\" srcset=\"https:\/\/www.siproin-ic.com\/wp-content\/uploads\/2024\/07\/2-1-724x1024.jpg 724w, https:\/\/www.siproin-ic.com\/wp-content\/uploads\/2024\/07\/2-1-212x300.jpg 212w, https:\/\/www.siproin-ic.com\/wp-content\/uploads\/2024\/07\/2-1-768x1087.jpg 768w, https:\/\/www.siproin-ic.com\/wp-content\/uploads\/2024\/07\/2-1-1085x1536.jpg 1085w, https:\/\/www.siproin-ic.com\/wp-content\/uploads\/2024\/07\/2-1-1447x2048.jpg 1447w, https:\/\/www.siproin-ic.com\/wp-content\/uploads\/2024\/07\/2-1-scaled.jpg 1809w\" sizes=\"(max-width: 724px) 100vw, 724px\" \/>\t\t\t\t\t\t\t\t\t\t\t\t\t\t\t<\/div>\n\t\t\t\t<\/div>\n\t\t\t\t<div class=\"elementor-element elementor-element-dd7b5b6 elementor-widget elementor-widget-image\" data-id=\"dd7b5b6\" data-element_type=\"widget\" data-settings=\"{&quot;ekit_we_effect_on&quot;:&quot;none&quot;}\" data-widget_type=\"image.default\">\n\t\t\t\t<div class=\"elementor-widget-container\">\n\t\t\t\t\t\t\t\t\t\t\t\t\t\t\t<img decoding=\"async\" width=\"724\" height=\"1024\" src=\"https:\/\/www.siproin-ic.com\/wp-content\/uploads\/2024\/07\/3-724x1024.jpg\" class=\"attachment-large size-large wp-image-1127\" alt=\"\" loading=\"lazy\" srcset=\"https:\/\/www.siproin-ic.com\/wp-content\/uploads\/2024\/07\/3-724x1024.jpg 724w, https:\/\/www.siproin-ic.com\/wp-content\/uploads\/2024\/07\/3-212x300.jpg 212w, https:\/\/www.siproin-ic.com\/wp-content\/uploads\/2024\/07\/3-768x1087.jpg 768w, https:\/\/www.siproin-ic.com\/wp-content\/uploads\/2024\/07\/3-1086x1536.jpg 1086w, https:\/\/www.siproin-ic.com\/wp-content\/uploads\/2024\/07\/3-1447x2048.jpg 1447w, https:\/\/www.siproin-ic.com\/wp-content\/uploads\/2024\/07\/3.jpg 1653w\" sizes=\"(max-width: 724px) 100vw, 724px\" \/>\t\t\t\t\t\t\t\t\t\t\t\t\t\t\t<\/div>\n\t\t\t\t<\/div>\n\t\t\t\t\t<\/div>\n\t\t\t\t<\/div>\n\t\t\t\t\t<\/div>\n\t\t\t\t<\/div>\n\t\t<div class=\"elementor-element elementor-element-0920f37 e-con-boxed e-flex e-con\" data-id=\"0920f37\" data-element_type=\"container\" id=\"Plate-four\" data-settings=\"{&quot;content_width&quot;:&quot;boxed&quot;,&quot;ekit_has_onepagescroll_dot&quot;:&quot;yes&quot;}\">\n\t\t\t\t\t<div class=\"e-con-inner\">\n\t\t<div class=\"elementor-element elementor-element-b75a3d1 e-con-boxed e-flex e-con\" data-id=\"b75a3d1\" data-element_type=\"container\" data-settings=\"{&quot;content_width&quot;:&quot;boxed&quot;,&quot;ekit_has_onepagescroll_dot&quot;:&quot;yes&quot;}\">\n\t\t\t\t\t<div class=\"e-con-inner\">\n\t\t\t\t<div class=\"elementor-element elementor-element-b3cac81 elementor-widget elementor-widget-heading\" data-id=\"b3cac81\" data-element_type=\"widget\" data-settings=\"{&quot;ekit_we_effect_on&quot;:&quot;none&quot;}\" data-widget_type=\"heading.default\">\n\t\t\t\t<div class=\"elementor-widget-container\">\n\t\t\t<h2 class=\"elementor-heading-title elementor-size-default\">Declaraci\u00f3n de ausencia de conflicto<\/h2>\t\t<\/div>\n\t\t\t\t<\/div>\n\t\t\t\t<div class=\"elementor-element elementor-element-574bfca elementor-widget elementor-widget-text-editor\" data-id=\"574bfca\" data-element_type=\"widget\" data-settings=\"{&quot;ekit_we_effect_on&quot;:&quot;none&quot;}\" data-widget_type=\"text-editor.default\">\n\t\t\t\t<div class=\"elementor-widget-container\">\n\t\t\t\t\t\t\t<p>Shanghai Siproin Microelectronics Co., Ltd. Por la presente declaramos el metal Libre de Conflictos en los productos suministrados.<\/p><p>Shanghai Siproin Microelectronics Co., Ltd. Ltd. est\u00e1 tomando y tomar\u00e1 las debidas medidas de diligencia dentro de nuestra cadena de suministro para garantizar que los metales \"DRC Conflict-Free\" de oro (Au), tantalio (Ta), wolframio (W), cobalto (Co) y esta\u00f1o (Sn) no proceden ni se obtienen de minas situadas en zonas de conflicto de la Rep\u00fablica Democr\u00e1tica del Congo (RDC), ni se gravan ilegalmente en rutas comerciales controladas por grupos militares no gubernamentales o facciones militares ilegales. Las rutas comerciales no confirmadas como \"libres\" incluyen las exportaciones directas desde la RDC, as\u00ed como las exportaciones a trav\u00e9s de Ruanda,<\/p><p>Uganda, Burundi, Tanzania y Kenia (pa\u00edses de los que el Consejo de Seguridad de la ONU se\u00f1ala que son rutas mundiales de exportaci\u00f3n de los minerales extra\u00eddos de la RDC).<\/p><p>Nos gustar\u00eda confirmar que los metales utilizados en los productos vendidos son \"DRC Conflict-Free\".<\/p>\t\t\t\t\t\t<\/div>\n\t\t\t\t<\/div>\n\t\t\t\t\t<\/div>\n\t\t\t\t<\/div>\n\t\t<div class=\"elementor-element elementor-element-473d3bd e-grid e-con-boxed e-con\" data-id=\"473d3bd\" data-element_type=\"container\" data-settings=\"{&quot;grid_rows_grid&quot;:{&quot;unit&quot;:&quot;fr&quot;,&quot;size&quot;:1,&quot;sizes&quot;:[]},&quot;grid_columns_grid&quot;:{&quot;unit&quot;:&quot;fr&quot;,&quot;size&quot;:4,&quot;sizes&quot;:[]},&quot;grid_columns_grid_mobile&quot;:{&quot;unit&quot;:&quot;fr&quot;,&quot;size&quot;:2,&quot;sizes&quot;:[]},&quot;content_width&quot;:&quot;boxed&quot;,&quot;grid_outline&quot;:&quot;yes&quot;,&quot;grid_columns_grid_tablet&quot;:{&quot;unit&quot;:&quot;fr&quot;,&quot;size&quot;:&quot;&quot;,&quot;sizes&quot;:[]},&quot;grid_rows_grid_tablet&quot;:{&quot;unit&quot;:&quot;fr&quot;,&quot;size&quot;:&quot;&quot;,&quot;sizes&quot;:[]},&quot;grid_rows_grid_mobile&quot;:{&quot;unit&quot;:&quot;fr&quot;,&quot;size&quot;:&quot;&quot;,&quot;sizes&quot;:[]},&quot;ekit_has_onepagescroll_dot&quot;:&quot;yes&quot;}\">\n\t\t\t\t\t<div class=\"e-con-inner\">\n\t\t\t\t<div class=\"elementor-element elementor-element-914a81f elementor-widget elementor-widget-image\" data-id=\"914a81f\" data-element_type=\"widget\" data-settings=\"{&quot;ekit_we_effect_on&quot;:&quot;none&quot;}\" data-widget_type=\"image.default\">\n\t\t\t\t<div class=\"elementor-widget-container\">\n\t\t\t\t\t\t\t\t\t\t\t\t\t\t\t<img decoding=\"async\" width=\"724\" height=\"1024\" src=\"https:\/\/www.siproin-ic.com\/wp-content\/uploads\/2024\/07\/\u4e0d\u4f7f\u7528\u51b2\u7a81\u77ff\u4ea7\u627f\u8bfa\u4e66-SIPROIN_00-724x1024.png\" class=\"attachment-large size-large wp-image-1083\" alt=\"\" loading=\"lazy\" srcset=\"https:\/\/www.siproin-ic.com\/wp-content\/uploads\/2024\/07\/\u4e0d\u4f7f\u7528\u51b2\u7a81\u77ff\u4ea7\u627f\u8bfa\u4e66-SIPROIN_00-724x1024.png 724w, https:\/\/www.siproin-ic.com\/wp-content\/uploads\/2024\/07\/\u4e0d\u4f7f\u7528\u51b2\u7a81\u77ff\u4ea7\u627f\u8bfa\u4e66-SIPROIN_00-212x300.png 212w, https:\/\/www.siproin-ic.com\/wp-content\/uploads\/2024\/07\/\u4e0d\u4f7f\u7528\u51b2\u7a81\u77ff\u4ea7\u627f\u8bfa\u4e66-SIPROIN_00-768x1086.png 768w, https:\/\/www.siproin-ic.com\/wp-content\/uploads\/2024\/07\/\u4e0d\u4f7f\u7528\u51b2\u7a81\u77ff\u4ea7\u627f\u8bfa\u4e66-SIPROIN_00-1086x1536.png 1086w, https:\/\/www.siproin-ic.com\/wp-content\/uploads\/2024\/07\/\u4e0d\u4f7f\u7528\u51b2\u7a81\u77ff\u4ea7\u627f\u8bfa\u4e66-SIPROIN_00.png 1323w\" sizes=\"(max-width: 724px) 100vw, 724px\" \/>\t\t\t\t\t\t\t\t\t\t\t\t\t\t\t<\/div>\n\t\t\t\t<\/div>\n\t\t\t\t\t<\/div>\n\t\t\t\t<\/div>\n\t\t\t\t\t<\/div>\n\t\t\t\t<\/div>\n\t\t\t\t\t\t\t<\/div>","protected":false},"excerpt":{"rendered":"<p>Home &#8211; Quality Control Quality Management System Siproin passed the GB\/T19001-2016\/ISO9001:2015 quality management system certification in 2023. Quality Policy and Goals Customer satisfaction \u226590% Order fulfillment rate\u00a0100% Finished product testing yield \u2265 99% Product Hazardous Substance Control Standards\u00a0100% Wafer testing yield \u2265 95% ROHS Shanghai Siproin Microelectronics Co., Ltd. declares and guarantees that all products [&hellip;]<\/p>","protected":false},"author":1,"featured_media":0,"parent":0,"menu_order":0,"comment_status":"closed","ping_status":"closed","template":"","meta":[],"acf":[],"_links":{"self":[{"href":"https:\/\/www.siproin-ic.com\/es\/wp-json\/wp\/v2\/pages\/604"}],"collection":[{"href":"https:\/\/www.siproin-ic.com\/es\/wp-json\/wp\/v2\/pages"}],"about":[{"href":"https:\/\/www.siproin-ic.com\/es\/wp-json\/wp\/v2\/types\/page"}],"author":[{"embeddable":true,"href":"https:\/\/www.siproin-ic.com\/es\/wp-json\/wp\/v2\/users\/1"}],"replies":[{"embeddable":true,"href":"https:\/\/www.siproin-ic.com\/es\/wp-json\/wp\/v2\/comments?post=604"}],"version-history":[{"count":0,"href":"https:\/\/www.siproin-ic.com\/es\/wp-json\/wp\/v2\/pages\/604\/revisions"}],"wp:attachment":[{"href":"https:\/\/www.siproin-ic.com\/es\/wp-json\/wp\/v2\/media?parent=604"}],"curies":[{"name":"wp","href":"https:\/\/api.w.org\/{rel}","templated":true}]}}